{"id":252,"date":"2023-10-25T20:16:22","date_gmt":"2023-10-25T19:16:22","guid":{"rendered":"https:\/\/blumar.si\/?page_id=252"},"modified":"2023-10-30T10:01:53","modified_gmt":"2023-10-30T09:01:53","slug":"servis-in-vzdrzevanje-plovil","status":"publish","type":"page","link":"https:\/\/blumar.si\/index.php\/servis-in-vzdrzevanje-plovil\/","title":{"rendered":"Servis in vzdr\u017eevanje plovil"},"content":{"rendered":"<p><\/p>\n<ul class=\"wp-block-list\">\n<li style=\"text-align: left;\">Li\u010darska dela<\/li>\n \n<li style=\"text-align: left;\">Mehanikarska dela<\/li>\n \n<li style=\"text-align: left;\">Elektri\u010dna dela<\/li>\n \n<li style=\"text-align: left;\">Laminiranje<\/li>\n \n<li style=\"text-align: left;\">Krpanje tubusov<\/li>\n \n<li style=\"text-align: left;\">Antivegetativni premazi<\/li>\n \n<li style=\"text-align: left;\">Konzervacija motorja<\/li>\n \n<li style=\"text-align: left;\">\u010ci\u0161\u010denje in pranje plovila<\/li>\n \n<li style=\"text-align: left;\">Obnova plovila<\/li>\n \n<li style=\"text-align: left;\">&#8230;<\/li>\n<\/ul>\n<p><\/p>\n\n\n<div style=\"height:56px\" aria-hidden=\"true\" class=\"wp-block-spacer\"><\/div>\n\n\n\n<figure class=\"wp-block-gallery has-nested-images columns-default is-cropped wp-block-gallery-1 is-layout-flex wp-block-gallery-is-layout-flex\">\n<figure class=\"wp-block-image size-large\"><img loading=\"lazy\" decoding=\"async\" width=\"768\" height=\"1024\" data-id=\"299\" src=\"https:\/\/blumar.si\/wp-content\/uploads\/2023\/10\/SERVIS-9-1-768x1024.jpg\" alt=\"\" class=\"wp-image-299\" srcset=\"https:\/\/blumar.si\/wp-content\/uploads\/2023\/10\/SERVIS-9-1-768x1024.jpg 768w, https:\/\/blumar.si\/wp-content\/uploads\/2023\/10\/SERVIS-9-1-225x300.jpg 225w, https:\/\/blumar.si\/wp-content\/uploads\/2023\/10\/SERVIS-9-1-1152x1536.jpg 1152w, https:\/\/blumar.si\/wp-content\/uploads\/2023\/10\/SERVIS-9-1-1536x2048.jpg 1536w, https:\/\/blumar.si\/wp-content\/uploads\/2023\/10\/SERVIS-9-1-scaled.jpg 1920w\" sizes=\"auto, (max-width: 768px) 100vw, 768px\" \/><\/figure>\n\n\n\n<figure class=\"wp-block-image size-large\"><img loading=\"lazy\" decoding=\"async\" width=\"768\" height=\"1024\" data-id=\"298\" src=\"https:\/\/blumar.si\/wp-content\/uploads\/2023\/10\/SERVIS-8-1-768x1024.jpg\" alt=\"\" class=\"wp-image-298\" srcset=\"https:\/\/blumar.si\/wp-content\/uploads\/2023\/10\/SERVIS-8-1-768x1024.jpg 768w, https:\/\/blumar.si\/wp-content\/uploads\/2023\/10\/SERVIS-8-1-225x300.jpg 225w, https:\/\/blumar.si\/wp-content\/uploads\/2023\/10\/SERVIS-8-1-1152x1536.jpg 1152w, https:\/\/blumar.si\/wp-content\/uploads\/2023\/10\/SERVIS-8-1-1536x2048.jpg 1536w, https:\/\/blumar.si\/wp-content\/uploads\/2023\/10\/SERVIS-8-1-scaled.jpg 1920w\" sizes=\"auto, (max-width: 768px) 100vw, 768px\" \/><\/figure>\n\n\n\n<figure class=\"wp-block-image size-large\"><img loading=\"lazy\" decoding=\"async\" width=\"1024\" height=\"768\" data-id=\"297\" src=\"https:\/\/blumar.si\/wp-content\/uploads\/2023\/10\/SERVIS-6-1-1024x768.jpg\" alt=\"\" class=\"wp-image-297\" srcset=\"https:\/\/blumar.si\/wp-content\/uploads\/2023\/10\/SERVIS-6-1-1024x768.jpg 1024w, https:\/\/blumar.si\/wp-content\/uploads\/2023\/10\/SERVIS-6-1-300x225.jpg 300w, https:\/\/blumar.si\/wp-content\/uploads\/2023\/10\/SERVIS-6-1-768x576.jpg 768w, https:\/\/blumar.si\/wp-content\/uploads\/2023\/10\/SERVIS-6-1-1536x1152.jpg 1536w, https:\/\/blumar.si\/wp-content\/uploads\/2023\/10\/SERVIS-6-1-400x300.jpg 400w, https:\/\/blumar.si\/wp-content\/uploads\/2023\/10\/SERVIS-6-1.jpg 2016w\" sizes=\"auto, (max-width: 1024px) 100vw, 1024px\" \/><\/figure>\n<\/figure>\n\n\n\n<div style=\"height:100px\" aria-hidden=\"true\" class=\"wp-block-spacer\"><\/div>\n\n\n\n<figure class=\"wp-block-image size-large is-resized\"><img loading=\"lazy\" decoding=\"async\" width=\"1024\" height=\"768\" src=\"https:\/\/blumar.si\/wp-content\/uploads\/2023\/10\/servis-obnova-plovila-1-1024x768.jpg\" alt=\"\" class=\"wp-image-301\" style=\"aspect-ratio:1.3333333333333333;width:1080px;height:auto\" srcset=\"https:\/\/blumar.si\/wp-content\/uploads\/2023\/10\/servis-obnova-plovila-1-1024x768.jpg 1024w, https:\/\/blumar.si\/wp-content\/uploads\/2023\/10\/servis-obnova-plovila-1-300x225.jpg 300w, https:\/\/blumar.si\/wp-content\/uploads\/2023\/10\/servis-obnova-plovila-1-768x576.jpg 768w, https:\/\/blumar.si\/wp-content\/uploads\/2023\/10\/servis-obnova-plovila-1-1536x1152.jpg 1536w, https:\/\/blumar.si\/wp-content\/uploads\/2023\/10\/servis-obnova-plovila-1-2048x1536.jpg 2048w, https:\/\/blumar.si\/wp-content\/uploads\/2023\/10\/servis-obnova-plovila-1-400x300.jpg 400w\" sizes=\"auto, (max-width: 1024px) 100vw, 1024px\" \/><\/figure>\n\n\n\n<div style=\"height:50px\" aria-hidden=\"true\" class=\"wp-block-spacer\"><\/div>\n\n\n\n<p>Po\u0161ljite povpra\u0161evanje: <a href=\"mailto:info@blumar.si\">info@blumar.si<\/a><\/p>\n\n\n\n<div class=\"wp-block-group\"><div class=\"wp-block-group__inner-container is-layout-constrained wp-block-group-is-layout-constrained\">\n<div data-wp-interactive=\"core\/file\" class=\"wp-block-file aligncenter\"><object data-wp-bind--hidden=\"!state.hasPdfPreview\" hidden class=\"wp-block-file__embed\" data=\"https:\/\/blumar.si\/wp-content\/uploads\/2023\/10\/NAROCILNICA-ZA-DELO.pdf\" type=\"application\/pdf\" style=\"width:100%;height:1110px\" aria-label=\"Vdelava NAROCILNICA-ZA-DELO\"><\/object><a id=\"wp-block-file--media-2ab04c55-e613-4007-8c3d-382e39882aba\" href=\"https:\/\/blumar.si\/wp-content\/uploads\/2023\/10\/NAROCILNICA-ZA-DELO.pdf\">NAROCILNICA-ZA-DELO<\/a><a href=\"https:\/\/blumar.si\/wp-content\/uploads\/2023\/10\/NAROCILNICA-ZA-DELO.pdf\" class=\"wp-block-file__button wp-element-button\" download aria-describedby=\"wp-block-file--media-2ab04c55-e613-4007-8c3d-382e39882aba\">Prenos<\/a><\/div>\n<\/div><\/div>\n\n\n\n<div style=\"height:156px\" aria-hidden=\"true\" class=\"wp-block-spacer\"><\/div>\n\n\n\n<div style=\"height:943px\" aria-hidden=\"true\" class=\"wp-block-spacer\"><\/div>\n","protected":false},"excerpt":{"rendered":"<p>Po\u0161ljite povpra\u0161evanje: info@blumar.si<\/p>\n","protected":false},"author":1,"featured_media":0,"parent":0,"menu_order":0,"comment_status":"closed","ping_status":"closed","template":"","meta":{"footnotes":""},"class_list":["post-252","page","type-page","status-publish","hentry"],"_links":{"self":[{"href":"https:\/\/blumar.si\/index.php\/wp-json\/wp\/v2\/pages\/252","targetHints":{"allow":["GET"]}}],"collection":[{"href":"https:\/\/blumar.si\/index.php\/wp-json\/wp\/v2\/pages"}],"about":[{"href":"https:\/\/blumar.si\/index.php\/wp-json\/wp\/v2\/types\/page"}],"author":[{"embeddable":true,"href":"https:\/\/blumar.si\/index.php\/wp-json\/wp\/v2\/users\/1"}],"replies":[{"embeddable":true,"href":"https:\/\/blumar.si\/index.php\/wp-json\/wp\/v2\/comments?post=252"}],"version-history":[{"count":16,"href":"https:\/\/blumar.si\/index.php\/wp-json\/wp\/v2\/pages\/252\/revisions"}],"predecessor-version":[{"id":405,"href":"https:\/\/blumar.si\/index.php\/wp-json\/wp\/v2\/pages\/252\/revisions\/405"}],"wp:attachment":[{"href":"https:\/\/blumar.si\/index.php\/wp-json\/wp\/v2\/media?parent=252"}],"curies":[{"name":"wp","href":"https:\/\/api.w.org\/{rel}","templated":true}]}}